{"id":1643,"date":"2021-04-14T02:25:23","date_gmt":"2021-04-14T02:25:23","guid":{"rendered":"https:\/\/greycar.com.tr\/?page_id=1643"},"modified":"2024-11-11T12:26:44","modified_gmt":"2024-11-11T09:26:44","slug":"contact","status":"publish","type":"page","link":"https:\/\/greycar.com.tr\/en_us\/contact\/","title":{"rendered":"\u0130leti\u015fim"},"content":{"rendered":"\t\t<div data-elementor-type=\"wp-page\" data-elementor-id=\"1643\" class=\"elementor elementor-1643\">\n\t\t\t\t\t\t<section class=\"elementor-section elementor-top-section elementor-element elementor-element-b4df06b elementor-section-boxed elementor-section-height-default elementor-section-height-default\" data-id=\"b4df06b\" data-element_type=\"section\">\n\t\t\t\t\t\t<div class=\"elementor-container elementor-column-gap-default\">\n\t\t\t\t\t<div class=\"elementor-column elementor-col-33 elementor-top-column elementor-element elementor-element-598f24b\" data-id=\"598f24b\" data-element_type=\"column\">\n\t\t\t<div class=\"elementor-widget-wrap elementor-element-populated\">\n\t\t\t\t\t\t<div class=\"elementor-element elementor-element-22a11b9 elementor-widget elementor-widget-jws_map\" data-id=\"22a11b9\" data-element_type=\"widget\" data-widget_type=\"jws_map.default\">\n\t\t\t\t<div class=\"elementor-widget-container\">\n\t\t\t\t\t<div class=\"jws-google-map-wrap\">\r\n\t\t\t<div id=\"jws-google-map-22a11b9\" class=\"jws-google-map\" data-map_options=\"{&quot;zoom&quot;:12,&quot;mapTypeId&quot;:&quot;roadmap&quot;,&quot;mapTypeControl&quot;:false,&quot;streetViewControl&quot;:false,&quot;zoomControl&quot;:false,&quot;fullscreenControl&quot;:false,&quot;gestureHandling&quot;:true}\" data-cluster=\"no\" data-max-width=\"250\" data-locations=\"[[&quot;40.73518602978596 &quot;,&quot;-73.90838476620414&quot;,false,&quot;52-1 58th Pl, Woodside, NY 11377, Hoa K\\u1ef3&quot;,null,&quot;&quot;,&quot;custom&quot;,&quot;http:\\\/\\\/idealauto.jwsuperthemes.com\\\/wp-content\\\/uploads\\\/2020\\\/12\\\/icon_pin.svg&quot;,30,&quot;&quot;]]\" data-animate=\"\" data-auto-center=\"center\" data-offset=\"\" data-predefined-style=\"silver\"><\/div>\r\n\t\t<\/div>\r\n\t\t\t\t<\/div>\n\t\t\t\t<\/div>\n\t\t\t\t\t<\/div>\n\t\t<\/div>\n\t\t\t\t<div class=\"elementor-column elementor-col-33 elementor-top-column elementor-element elementor-element-9e5a2bc\" data-id=\"9e5a2bc\" data-element_type=\"column\">\n\t\t\t<div class=\"elementor-widget-wrap elementor-element-populated\">\n\t\t\t\t\t\t<div class=\"elementor-element elementor-element-ca9d4ee elementor-widget elementor-widget-jws_map\" data-id=\"ca9d4ee\" data-element_type=\"widget\" data-widget_type=\"jws_map.default\">\n\t\t\t\t<div class=\"elementor-widget-container\">\n\t\t\t\t\t<div class=\"jws-google-map-wrap\">\r\n\t\t\t<div id=\"jws-google-map-ca9d4ee\" class=\"jws-google-map\" data-map_options=\"{&quot;zoom&quot;:12,&quot;mapTypeId&quot;:&quot;roadmap&quot;,&quot;mapTypeControl&quot;:false,&quot;streetViewControl&quot;:false,&quot;zoomControl&quot;:false,&quot;fullscreenControl&quot;:false,&quot;gestureHandling&quot;:true}\" data-cluster=\"no\" data-max-width=\"250\" data-locations=\"[[&quot;40.75380316356044&quot;,&quot;-73.82206502023028&quot;,false,&quot;at Walgreens, 4415 Kissena Blvd, 11355, Hoa K\\u1ef3&quot;,null,&quot;&quot;,&quot;custom&quot;,&quot;http:\\\/\\\/idealauto.jwsuperthemes.com\\\/wp-content\\\/uploads\\\/2020\\\/12\\\/icon_pin.svg&quot;,30,&quot;&quot;]]\" data-animate=\"\" data-auto-center=\"center\" data-offset=\"\" data-predefined-style=\"silver\"><\/div>\r\n\t\t<\/div>\r\n\t\t\t\t<\/div>\n\t\t\t\t<\/div>\n\t\t\t\t\t<\/div>\n\t\t<\/div>\n\t\t\t\t<div class=\"elementor-column elementor-col-33 elementor-top-column elementor-element elementor-element-2dd832f\" data-id=\"2dd832f\" data-element_type=\"column\">\n\t\t\t<div class=\"elementor-widget-wrap elementor-element-populated\">\n\t\t\t\t\t\t<div class=\"elementor-element elementor-element-40f4794 elementor-widget elementor-widget-jws_map\" data-id=\"40f4794\" data-element_type=\"widget\" data-widget_type=\"jws_map.default\">\n\t\t\t\t<div class=\"elementor-widget-container\">\n\t\t\t\t\t<div class=\"jws-google-map-wrap\">\r\n\t\t\t<div id=\"jws-google-map-40f4794\" class=\"jws-google-map\" data-map_options=\"{&quot;zoom&quot;:12,&quot;mapTypeId&quot;:&quot;roadmap&quot;,&quot;mapTypeControl&quot;:false,&quot;streetViewControl&quot;:false,&quot;zoomControl&quot;:false,&quot;fullscreenControl&quot;:false,&quot;gestureHandling&quot;:true}\" data-cluster=\"no\" data-max-width=\"250\" data-locations=\"[[&quot;40.75414502616135&quot;,&quot;-73.80608252546328&quot;,false,&quot;4590 161 St, Queens, NY 11358, Hoa K\\u1ef3&quot;,null,&quot;&quot;,&quot;custom&quot;,&quot;http:\\\/\\\/idealauto.jwsuperthemes.com\\\/wp-content\\\/uploads\\\/2020\\\/12\\\/icon_pin.svg&quot;,30,&quot;&quot;]]\" data-animate=\"\" data-auto-center=\"center\" data-offset=\"\" data-predefined-style=\"silver\"><\/div>\r\n\t\t<\/div>\r\n\t\t\t\t<\/div>\n\t\t\t\t<\/div>\n\t\t\t\t\t<\/div>\n\t\t<\/div>\n\t\t\t\t\t<\/div>\n\t\t<\/section>\n\t\t\t\t<section class=\"elementor-section elementor-top-section elementor-element elementor-element-6bcc83d4 elementor-section-content-middle elementor-section-boxed elementor-section-height-default elementor-section-height-default\" data-id=\"6bcc83d4\" data-element_type=\"section\">\n\t\t\t\t\t\t<div class=\"elementor-container elementor-column-gap-default\">\n\t\t\t\t\t<div class=\"elementor-column elementor-col-33 elementor-top-column elementor-element elementor-element-424a52dd\" data-id=\"424a52dd\" data-element_type=\"column\">\n\t\t\t<div class=\"elementor-widget-wrap elementor-element-populated\">\n\t\t\t\t\t\t<div class=\"elementor-element elementor-element-425339c8 elementor-widget elementor-widget-heading\" data-id=\"425339c8\" data-element_type=\"widget\" data-widget_type=\"heading.default\">\n\t\t\t\t<div class=\"elementor-widget-container\">\n\t\t\t<h2 class=\"elementor-heading-title elementor-size-default\">\u0130leti\u015fime Ge\u00e7in!<\/h2>\t\t<\/div>\n\t\t\t\t<\/div>\n\t\t\t\t<div class=\"elementor-element elementor-element-4d965ecc elementor-widget elementor-widget-text-editor\" data-id=\"4d965ecc\" data-element_type=\"widget\" data-widget_type=\"text-editor.default\">\n\t\t\t\t<div class=\"elementor-widget-container\">\n\t\t\t\t\t\t\t<div class=\"flex-shrink-0 flex flex-col relative items-end\"><div><div class=\"pt-0\"><div class=\"gizmo-bot-avatar flex h-8 w-8 items-center justify-center overflow-hidden rounded-full\"><div class=\"relative p-1 rounded-sm flex items-center justify-center bg-token-main-surface-primary text-token-text-primary h-8 w-8\"><span style=\"font-size: 1rem;\">Sizden haber almak bizi mutlu eder. Bize bir mesaj b\u0131rakabilir veya ziyaret etmeyi d\u00fc\u015f\u00fcn\u00fcyorsan\u0131z haber verebilirsiniz.<\/span><\/div><\/div><\/div><\/div><\/div>\t\t\t\t\t\t<\/div>\n\t\t\t\t<\/div>\n\t\t\t\t<div class=\"elementor-element elementor-element-12472a71 elementor-icon-list--layout-traditional elementor-widget elementor-widget-menu_list\" data-id=\"12472a71\" data-element_type=\"widget\" data-widget_type=\"menu_list.default\">\n\t\t\t\t<div class=\"elementor-widget-container\">\n\t\t\t        <div class=\"jws-menu-list\">\r\n                \t\t<ul class=\"elementor-icon-list-items default\">\r\n    \t\t\t    \t\t\t\t<li class=\"elementor-icon-list-item\">\r\n    \t\t\t\t\t<a href=\"https:\/\/maps.app.goo.gl\/tbrn8VxAkLYs6s3V8\">    \t\t\t\t\t\t<span class=\"elementor-icon-list-icon\">\r\n    \t\t\t\t\t\t\t<i aria-hidden=\"true\" class=\"icon icon-icon_pin\"><\/i>    \t\t\t\t\t\t<\/span>\r\n    \t\t\t\t\t    \t\t\t\t\t<span class=\"elementor-icon-list-text\">\r\n                        Atalar, Ergenekon Sk. No:10\/B, 34862 Kartal\/\u0130stanbul                        <\/span>\r\n    \t\t\t\t\t    \t\t\t\t\t\t<\/a>\r\n    \t\t\t\t\t    \t\t\t\t<\/li>\r\n    \t\t\t\t    \t\t\t\t<li class=\"elementor-icon-list-item\">\r\n    \t\t\t\t\t    \t\t\t\t\t\t<span class=\"elementor-icon-list-icon\">\r\n    \t\t\t\t\t\t\t<i aria-hidden=\"true\" class=\"icon icon-icon_phone\"><\/i>    \t\t\t\t\t\t<\/span>\r\n    \t\t\t\t\t    \t\t\t\t\t<span class=\"elementor-icon-list-text\">\r\n                        +90 533 776 05 05                        <\/span>\r\n    \t\t\t\t\t    \t\t\t\t<\/li>\r\n    \t\t\t\t    \t\t\t\t<li class=\"elementor-icon-list-item\">\r\n    \t\t\t\t\t    \t\t\t\t\t\t<span class=\"elementor-icon-list-icon\">\r\n    \t\t\t\t\t\t\t<i aria-hidden=\"true\" class=\"icon icon-icon_clock_alt\"><\/i>    \t\t\t\t\t\t<\/span>\r\n    \t\t\t\t\t    \t\t\t\t\t<span class=\"elementor-icon-list-text\">\r\n                        Mon-Sat: 9:00 - 18:00                        <\/span>\r\n    \t\t\t\t\t    \t\t\t\t<\/li>\r\n    \t\t\t\t    \t\t<\/ul>\r\n        <\/div>\r\n\t\t\t\t<\/div>\n\t\t\t\t<\/div>\n\t\t\t\t\t<\/div>\n\t\t<\/div>\n\t\t\t\t<div class=\"elementor-column elementor-col-66 elementor-top-column elementor-element elementor-element-7144d938\" data-id=\"7144d938\" data-element_type=\"column\">\n\t\t\t<div class=\"elementor-widget-wrap elementor-element-populated\">\n\t\t\t\t\t\t<div class=\"elementor-element elementor-element-9412380 jws-cf7-style-box jws-cf7-input-size-sm jws-cf7-button-left jws-cf7-btn-size-sm jws-cf7-highlight-style-default elementor-widget elementor-widget-jws_cf7\" data-id=\"9412380\" data-element_type=\"widget\" data-widget_type=\"jws_cf7.default\">\n\t\t\t\t<div class=\"elementor-widget-container\">\n\t\t\t\t\t\t\t<div class = \"jws-cf7-container\">\r\n\t\t\t\t\t\t<div class = \"jws-cf7 jws-cf7-style elementor-clickable\">\r\n\t\t\t\t\t\t\n<div class=\"wpcf7 no-js\" id=\"wpcf7-f4-o1\" lang=\"en-US\" dir=\"ltr\" data-wpcf7-id=\"4\">\n<div class=\"screen-reader-response\"><p role=\"status\" aria-live=\"polite\" aria-atomic=\"true\"><\/p> <ul><\/ul><\/div>\n<form action=\"\/en_us\/wp-json\/wp\/v2\/pages\/1643#wpcf7-f4-o1\" method=\"post\" class=\"wpcf7-form init\" aria-label=\"Contact form\" novalidate=\"novalidate\" data-status=\"init\">\n<div style=\"display: none;\">\n<input type=\"hidden\" name=\"_wpcf7\" value=\"4\" \/>\n<input type=\"hidden\" name=\"_wpcf7_version\" value=\"6.0\" \/>\n<input type=\"hidden\" name=\"_wpcf7_locale\" value=\"en_US\" \/>\n<input type=\"hidden\" name=\"_wpcf7_unit_tag\" value=\"wpcf7-f4-o1\" \/>\n<input type=\"hidden\" name=\"_wpcf7_container_post\" value=\"0\" \/>\n<input type=\"hidden\" name=\"_wpcf7_posted_data_hash\" value=\"\" \/>\n<input type=\"hidden\" name=\"_wpcf7_recaptcha_response\" value=\"\" \/>\n<\/div>\n<div class=\"row\">\n\t<div class=\"col-xl-6 col-lg-6 col-12\">\n\t\t<p><span class=\"wpcf7-form-control-wrap\" data-name=\"name2\"><input size=\"40\" maxlength=\"400\" class=\"wpcf7-form-control wpcf7-text wpcf7-validates-as-required\" aria-required=\"true\" aria-invalid=\"false\" placeholder=\"Name*\" value=\"\" type=\"text\" name=\"name2\" \/><\/span>\n\t\t<\/p>\n\t<\/div>\n\t<div class=\"col-xl-6 col-lg-6 col-12\">\n\t\t<p><span class=\"wpcf7-form-control-wrap\" data-name=\"email\"><input size=\"40\" maxlength=\"400\" class=\"wpcf7-form-control wpcf7-email wpcf7-validates-as-required wpcf7-text wpcf7-validates-as-email\" aria-required=\"true\" aria-invalid=\"false\" placeholder=\"Email*\" value=\"\" type=\"email\" name=\"email\" \/><\/span>\n\t\t<\/p>\n\t<\/div>\n\t<div class=\"col-xl-12 col-lg-12 col-12\">\n\t\t<p><span class=\"wpcf7-form-control-wrap\" data-name=\"subject\"><input size=\"40\" maxlength=\"400\" class=\"wpcf7-form-control wpcf7-text wpcf7-validates-as-required\" aria-required=\"true\" aria-invalid=\"false\" placeholder=\"Subject*\" value=\"\" type=\"text\" name=\"subject\" \/><\/span><br \/>\n<span class=\"wpcf7-form-control-wrap\" data-name=\"message\"><textarea cols=\"40\" rows=\"10\" maxlength=\"2000\" class=\"wpcf7-form-control wpcf7-textarea\" aria-invalid=\"false\" placeholder=\"Your message\" name=\"message\"><\/textarea><\/span><br \/>\n<input class=\"wpcf7-form-control wpcf7-submit has-spinner\" type=\"submit\" value=\"Send request\" \/>\n\t\t<\/p>\n\t<\/div>\n<\/div><div class=\"wpcf7-response-output\" aria-hidden=\"true\"><\/div>\n<\/form>\n<\/div>\n\t\t\t\t\t<\/div>\r\n\t\t\t\t<\/div>\r\n\t\t\t\t\t\t<\/div>\n\t\t\t\t<\/div>\n\t\t\t\t\t<\/div>\n\t\t<\/div>\n\t\t\t\t\t<\/div>\n\t\t<\/section>\n\t\t\t\t<\/div>\n\t\t","protected":false},"excerpt":{"rendered":"<p>\u0130leti\u015fime Ge\u00e7in! Sizden haber almak bizi mutlu eder. Bize bir mesaj b\u0131rakabilir veya ziyaret etmeyi d\u00fc\u015f\u00fcn\u00fcyorsan\u0131z haber verebilirsiniz. Atalar, Ergenekon Sk. No:10\/B, 34862 Kartal\/\u0130stanbul +90 533 776 05 05 Mon-Sat: 9:00 &#8211; 18:00<\/p>\n","protected":false},"author":1,"featured_media":-1,"parent":0,"menu_order":0,"comment_status":"closed","ping_status":"closed","template":"","meta":{"footnotes":""},"class_list":["post-1643","page","type-page","status-publish","has-post-thumbnail","hentry"],"_links":{"self":[{"href":"https:\/\/greycar.com.tr\/en_us\/wp-json\/wp\/v2\/pages\/1643"}],"collection":[{"href":"https:\/\/greycar.com.tr\/en_us\/wp-json\/wp\/v2\/pages"}],"about":[{"href":"https:\/\/greycar.com.tr\/en_us\/wp-json\/wp\/v2\/types\/page"}],"author":[{"embeddable":true,"href":"https:\/\/greycar.com.tr\/en_us\/wp-json\/wp\/v2\/users\/1"}],"replies":[{"embeddable":true,"href":"https:\/\/greycar.com.tr\/en_us\/wp-json\/wp\/v2\/comments?post=1643"}],"version-history":[{"count":19,"href":"https:\/\/greycar.com.tr\/en_us\/wp-json\/wp\/v2\/pages\/1643\/revisions"}],"predecessor-version":[{"id":1830,"href":"https:\/\/greycar.com.tr\/en_us\/wp-json\/wp\/v2\/pages\/1643\/revisions\/1830"}],"wp:featuredmedia":[{"embeddable":true,"href":"https:\/\/greycar.com.tr\/en_us\/wp-json\/"}],"wp:attachment":[{"href":"https:\/\/greycar.com.tr\/en_us\/wp-json\/wp\/v2\/media?parent=1643"}],"curies":[{"name":"wp","href":"https:\/\/api.w.org\/{rel}","templated":true}]}}